{"id":118,"date":"2024-06-18T09:07:16","date_gmt":"2024-06-18T09:07:16","guid":{"rendered":"https:\/\/dm5mn.com\/?page_id=118"},"modified":"2024-06-18T09:10:59","modified_gmt":"2024-06-18T09:10:59","slug":"haftungsausschluss","status":"publish","type":"page","link":"https:\/\/dm5mn.com\/?page_id=118","title":{"rendered":"Impressum"},"content":{"rendered":"\n<h3 class=\"wp-block-heading\">Impressum<\/h3>\n\n\n\n<p><strong>Angaben gem\u00e4\u00df \u00a7 5 TMG:<\/strong><\/p>\n\n\n\n<p>Marcus Adena<br>Logaer Weg 81<br>26789 Leer<br>Deutschland<\/p>\n\n\n\n<p><strong>Kontakt:<\/strong><\/p>\n\n\n\n<p class=\"has-black-color has-text-color has-link-color wp-elements-4af1db51f5197bba083b3eb2268ba844\"><br>E-Mail: dm5mn@darc.de<br>Website: https:\/\/dm5mn.com<\/p>\n\n\n\n<p><strong>Verantwortlich f\u00fcr den Inhalt nach \u00a7 55 Abs. 2 RStV:<\/strong><\/p>\n\n\n\n<p>Marcus Adena<br>Logaer Weg 81<br>26789 Leer<br>Deutschland<\/p>\n\n\n\n<p><strong>Haftungsausschluss (Disclaimer):<\/strong><\/p>\n\n\n\n<h3 class=\"wp-block-heading\"><strong>Inhalt des Onlineangebotes<\/strong><\/h3>\n\n\n\n<p>Die Inhalte dieser Website werden mit gr\u00f6\u00dftm\u00f6glicher Sorgfalt erstellt. Der Anbieter \u00fcbernimmt jedoch keine Gew\u00e4hr f\u00fcr die Richtigkeit, Vollst\u00e4ndigkeit und Aktualit\u00e4t der bereitgestellten Inhalte. Die Nutzung der Inhalte der Website erfolgt auf eigene Gefahr des Nutzers. Namentlich gekennzeichnete Beitr\u00e4ge geben die Meinung des jeweiligen Autors und nicht immer die Meinung des Anbieters wieder.<\/p>\n\n\n\n<p><strong>Externe Links<\/strong><\/p>\n\n\n\n<p>Diese Website enth\u00e4lt Verkn\u00fcpfungen zu Websites Dritter (&#8222;externe Links&#8220;). Diese Websites unterliegen der Haftung der jeweiligen Betreiber. Der Anbieter hat bei der erstmaligen Verkn\u00fcpfung der externen Links die fremden Inhalte daraufhin \u00fcberpr\u00fcft, ob etwaige Rechtsverst\u00f6\u00dfe bestehen. Zu dem Zeitpunkt waren keine Rechtsverst\u00f6\u00dfe ersichtlich. Der Anbieter hat keinerlei Einfluss auf die aktuelle und zuk\u00fcnftige Gestaltung und auf die Inhalte der verkn\u00fcpften Seiten. Das Setzen von externen Links bedeutet nicht, dass sich der Anbieter die hinter dem Verweis oder Link liegenden Inhalte zu Eigen macht. Eine st\u00e4ndige Kontrolle dieser externen Links ist f\u00fcr den Anbieter ohne konkrete Hinweise auf Rechtsverst\u00f6\u00dfe nicht zumutbar. Bei Kenntnis von Rechtsverst\u00f6\u00dfen werden jedoch derartige externe Links unverz\u00fcglich gel\u00f6scht.<\/p>\n\n\n\n<p><strong>Anleitungen und Bauanleitungen<\/strong><\/p>\n\n\n\n<p>Alle auf dieser Website bereitgestellten Anleitungen und Bauanleitungen wurden nach bestem Wissen und Gewissen erstellt. Der Anbieter \u00fcbernimmt jedoch keine Haftung f\u00fcr Sch\u00e4den, die durch die Umsetzung der Anleitungen entstehen k\u00f6nnten. Die Nutzung der Anleitungen erfolgt auf eigenes Risiko. Es wird empfohlen, bei Unsicherheiten oder fehlendem Fachwissen professionelle Hilfe in Anspruch zu nehmen. Der Nutzer ist selbst daf\u00fcr verantwortlich, die lokalen Gesetze und Vorschriften zu beachten.<\/p>\n\n\n\n<p><strong>Urheber- und Leistungsschutzrechte<\/strong><\/p>\n\n\n\n<p>Die auf dieser Website ver\u00f6ffentlichten Inhalte unterliegen dem deutschen Urheber- und Leistungsschutzrecht. Jede vom deutschen Urheber- und Leistungsschutzrecht nicht zugelassene Verwertung bedarf der vorherigen schriftlichen Zustimmung des Anbieters oder jeweiligen Rechteinhabers. Dies gilt insbesondere f\u00fcr Vervielf\u00e4ltigung, Bearbeitung, \u00dcbersetzung, Einspeicherung, Verarbeitung bzw. Wiedergabe von Inhalten in Datenbanken oder anderen elektronischen Medien und Systemen. Inhalte und Rechte Dritter sind dabei als solche gekennzeichnet. Die unerlaubte Vervielf\u00e4ltigung oder Weitergabe einzelner Inhalte oder kompletter Seiten ist nicht gestattet und strafbar.<\/p>\n\n\n\n<p><strong>\u00c4nderungen und Aktualisierungen<\/strong><\/p>\n\n\n\n<p>Der Anbieter beh\u00e4lt sich das Recht vor, den Haftungsausschluss jederzeit zu \u00e4ndern, zu erg\u00e4nzen oder Teile davon zu entfernen. Es liegt in der Verantwortung des Nutzers, sich regelm\u00e4\u00dfig \u00fcber den aktuellen Stand des Haftungsausschlusses zu informieren.<\/p>\n\n\n\n<p><strong>Schlussbestimmungen<\/strong><\/p>\n\n\n\n<p>Sollten einzelne Bestimmungen dieses Haftungsausschlusses unwirksam sein oder werden, bleibt die Wirksamkeit der \u00fcbrigen Bestimmungen unber\u00fchrt.<\/p>\n","protected":false},"excerpt":{"rendered":"<p>Impressum Angaben gem\u00e4\u00df \u00a7 5 TMG: Marcus AdenaLogaer Weg 8126789 LeerDeutschland Kontakt: E-Mail: dm5mn@darc.deWebsite: https:\/\/dm5mn.com Verantwortlich f\u00fcr den Inhalt nach \u00a7 55 Abs. 2 RStV: Marcus AdenaLogaer Weg 8126789 LeerDeutschland Haftungsausschluss (Disclaimer): Inhalt des Onlineangebotes Die Inhalte dieser Website werden mit gr\u00f6\u00dftm\u00f6glicher Sorgfalt erstellt. Der Anbieter \u00fcbernimmt jedoch keine Gew\u00e4hr f\u00fcr die Richtigkeit, Vollst\u00e4ndigkeit und&#8230;<\/p>\n","protected":false},"author":1,"featured_media":0,"parent":0,"menu_order":0,"comment_status":"closed","ping_status":"closed","template":"","meta":{"footnotes":""},"class_list":["post-118","page","type-page","status-publish","hentry"],"_links":{"self":[{"href":"https:\/\/dm5mn.com\/index.php?rest_route=\/wp\/v2\/pages\/118","targetHints":{"allow":["GET"]}}],"collection":[{"href":"https:\/\/dm5mn.com\/index.php?rest_route=\/wp\/v2\/pages"}],"about":[{"href":"https:\/\/dm5mn.com\/index.php?rest_route=\/wp\/v2\/types\/page"}],"author":[{"embeddable":true,"href":"https:\/\/dm5mn.com\/index.php?rest_route=\/wp\/v2\/users\/1"}],"replies":[{"embeddable":true,"href":"https:\/\/dm5mn.com\/index.php?rest_route=%2Fwp%2Fv2%2Fcomments&post=118"}],"version-history":[{"count":4,"href":"https:\/\/dm5mn.com\/index.php?rest_route=\/wp\/v2\/pages\/118\/revisions"}],"predecessor-version":[{"id":122,"href":"https:\/\/dm5mn.com\/index.php?rest_route=\/wp\/v2\/pages\/118\/revisions\/122"}],"wp:attachment":[{"href":"https:\/\/dm5mn.com\/index.php?rest_route=%2Fwp%2Fv2%2Fmedia&parent=118"}],"curies":[{"name":"wp","href":"https:\/\/api.w.org\/{rel}","templated":true}]}}